{"id":642,"date":"2017-01-02T08:28:52","date_gmt":"2017-01-02T08:28:52","guid":{"rendered":"https:\/\/demo.themegrill.com\/flash-default-2\/?page_id=5"},"modified":"2020-08-25T17:57:45","modified_gmt":"2020-08-25T14:57:45","slug":"home","status":"publish","type":"page","link":"https:\/\/www.caycilar.com.tr\/","title":{"rendered":"Anasayfa"},"content":{"rendered":"<div id=\"pl-642\"  class=\"panel-layout\" ><div id=\"pg-642-0\"  class=\"panel-grid panel-has-style\" ><div class=\"siteorigin-panels-stretch panel-row-style panel-row-style-for-642-0\" data-stretch-type=\"full-stretched\" ><div id=\"pgc-642-0-0\"  class=\"panel-grid-cell\" ><div id=\"panel-642-0-0-0\" class=\"so-panel widget widget_themegrill_flash_slider tg-section tg-slider-widget panel-first-child panel-last-child\" data-index=\"0\" ><div class=\"tg-slider-widget slider-dark slider-content-left slider-control-center full-width\">\n\t<div class=\"swiper-container\">\n\t\t<div class=\"swiper-wrapper\">\n\t\t\t\n\t\t\t\t\t<div class=\"swiper-slide\">\n\t\t\t\t\t\t<figure class=\"slider-image\" >\n\t\t\t\t\t\t\t<img width=\"1920\" height=\"700\"\t\t\t\t\t\t\t\t\tsrc=\"https:\/\/www.caycilar.com.tr\/wp-content\/uploads\/2020\/08\/slider-1.jpg\"\n\t\t\t\t\t\t\t\t\talt=\"35 y\u0131ld\u0131r en taze \u00e7ay\u0131 \u00fcretiyoruz.\"\n\t\t\t\t\t\t\t\t\ttitle=\"35 y\u0131ld\u0131r en taze \u00e7ay\u0131 \u00fcretiyoruz.\"\/>\n\t\t\t\t\t\t\t<div class=\"overlay\"><\/div>\n\t\t\t\t\t\t<\/figure>\n\t\t\t\t\t\t<div class=\"slider-content\">\n\t\t\t\t\t\t\t<div class=\"tg-container\">\n\t\t\t\t\t\t\t\t<div class=\"caption-title\">35 y\u0131ld\u0131r en taze \u00e7ay\u0131 \u00fcretiyoruz.<\/div>\n\t\t\t\t\t\t\t\t<div class=\"caption-desc\">\u00c7ayc\u0131lar G\u0131da ve \u00c7ay Sanayi A.\u015e<\/div>\n\t\t\t\t\t\t\t\t\t\t\t\t\t\t\t\t\t<div class=\"btn-wrapper\">\n\t\t\t\t\t\t\t\t\t\t<a href=\"http:\/\/www.caypas.com.tr\">Al\u0131\u015fveri\u015fe Ba\u015fla<\/a>\n\t\t\t\t\t\t\t\t\t<\/div>\n\t\t\t\t\t\t\t\t\t\t\t\t\t\t\t<\/div>\n\t\t\t\t\t\t<\/div>\n\t\t\t\t\t<\/div>\n\n\t\t\t\t\n\t\t\t\t\t<div class=\"swiper-slide\">\n\t\t\t\t\t\t<figure class=\"slider-image\" >\n\t\t\t\t\t\t\t<img width=\"1921\" height=\"700\"\t\t\t\t\t\t\t\t\tsrc=\"https:\/\/www.caycilar.com.tr\/wp-content\/uploads\/2020\/08\/slider-11.jpg\"\n\t\t\t\t\t\t\t\t\talt=\"Derman \u00e7ay | Tozu yok demi \u00e7ok\"\n\t\t\t\t\t\t\t\t\ttitle=\"Derman \u00e7ay | Tozu yok demi \u00e7ok\"\/>\n\t\t\t\t\t\t\t<div class=\"overlay\"><\/div>\n\t\t\t\t\t\t<\/figure>\n\t\t\t\t\t\t<div class=\"slider-content\">\n\t\t\t\t\t\t\t<div class=\"tg-container\">\n\t\t\t\t\t\t\t\t<div class=\"caption-title\">Derman \u00e7ay | Tozu yok demi \u00e7ok<\/div>\n\t\t\t\t\t\t\t\t<div class=\"caption-desc\">T\u00fcrkiye'nin \u00e7ay\u0131<\/div>\n\t\t\t\t\t\t\t\t\t\t\t\t\t\t\t\t\t<div class=\"btn-wrapper\">\n\t\t\t\t\t\t\t\t\t\t<a href=\"#\">Online Sipari\u015f<\/a>\n\t\t\t\t\t\t\t\t\t<\/div>\n\t\t\t\t\t\t\t\t\t\t\t\t\t\t\t<\/div>\n\t\t\t\t\t\t<\/div>\n\t\t\t\t\t<\/div>\n\n\t\t\t\t\t\t<\/div>\n\t\t<div class=\"swiper-pagination\"><\/div>\n\t\t<div class=\"slider-arrow\">\n\t\t\t<div class=\"swiper-button-next\"><\/div>\n\t\t\t<div class=\"swiper-button-prev\"><\/div>\n\t\t<\/div>\n\t<\/div>\n<\/div>\n<\/div><\/div><\/div><\/div><div id=\"pg-642-1\"  class=\"panel-grid panel-has-style\" ><div class=\"panel-row-style panel-row-style-for-642-1\" ><div id=\"pgc-642-1-0\"  class=\"panel-grid-cell\" ><div id=\"panel-642-1-0-0\" class=\"so-panel widget widget_themegrill_flash_service tg-widget tg-single-service panel-first-child panel-last-child\" data-index=\"1\" >\n<div class=\"tg-service-widget tg-service-layout-1\">\n\t<div class=\"service-wrapper\">\n\t\t<div class=\"service-icon-title-wrapper clearfix\">\n\t\t\t\t\t\t<div class=\"service-icon-wrap\"><i class=\"fa fa-coffee\"><\/i><\/div>\n\t\t\t\t\t\t\t\t\t\t\t\t<h3 class=\"service-title-wrap\">\n\t\t\t\t\t\t\t\t<a href=\"https:\/\/www.caycilar.com.tr\/index.php\/blog\/cayin-tarihcesi\/\">\n\t\t\t\t\u00c7AYIN TAR\u0130H\u00c7ES\u0130\t\t\t\t\t\t\t\t<\/a>\n\t\t\t\t\t\t\t<\/h3>\n\t\t\t\t\t<\/div>\n\t\t\t\t<div class=\"service-content-wrap\">\u00c7ay \u00c7in\u2019de \u00e7ok eski zamanlardan beri kullan\u0131ld\u0131\u011f\u0131ndan bu \u00fclkeyle \u00f6zde\u015fle\u015ftirilmi\u015ftir. \u00c7inliler \u00e7ay\u0131 5,000 y\u0131ldan beri i\u00e7mektedirler. Efsanede ba\u015flang\u0131\u00e7 belirsizdir, en bilinen olan\u0131 eski bir Bilginin ak\u015fam yeme\u011fi i\u00e7in ate\u015fi k\u00f6r\u00fcklerken birka\u00e7 yapra\u011f\u0131n kaynam\u0131\u015f suyun i\u00e7ine d\u00fc\u015fmesiyle \u015fans eseri \u00e7ay\u0131 ke\u015ffetmesidir.<\/div>\n\t\t\t\t\t\t<a class=\"service-more\" href=\"https:\/\/www.caycilar.com.tr\/index.php\/blog\/cayin-tarihcesi\/\">\u00c7ay Hakk\u0131nda<\/a>\n\t\t\t<\/div>\n<\/div>\n<\/div><\/div><div id=\"pgc-642-1-1\"  class=\"panel-grid-cell\" ><div id=\"panel-642-1-1-0\" class=\"so-panel widget widget_themegrill_flash_service tg-widget tg-single-service panel-first-child panel-last-child\" data-index=\"2\" >\n<div class=\"tg-service-widget tg-service-layout-1\">\n\t<div class=\"service-wrapper\">\n\t\t<div class=\"service-icon-title-wrapper clearfix\">\n\t\t\t\t\t\t<div class=\"service-icon-wrap\"><i class=\"fa fa-support\"><\/i><\/div>\n\t\t\t\t\t\t\t\t\t\t\t\t<h3 class=\"service-title-wrap\">\n\t\t\t\t\t\t\t\t<a href=\"https:\/\/www.caycilar.com.tr\/index.php\/hakkimizda\/\">\n\t\t\t\tHAKKIMIZDA\t\t\t\t\t\t\t\t<\/a>\n\t\t\t\t\t\t\t<\/h3>\n\t\t\t\t\t<\/div>\n\t\t\t\t<div class=\"service-content-wrap\">\u00c7ayc\u0131lar G\u0131da ve \u00c7ay San A.\u015e. 1985 y\u0131l\u0131nda 100 ton\/g\u00fcn kapasiteli olarak 369 YTL sermaye ile kurulmu\u015f ve 1986 y\u0131l\u0131nda faaliyete \u00fcretime ba\u015flam\u0131\u015ft\u0131r.1991 y\u0131l\u0131nda \u0130htiyac\u0131 kar\u015f\u0131layacak yat\u0131r\u0131m ve modernizasyonlar\u0131 uygun zamanda ve \u00e7a\u011fda\u015f teknolojileri kullanarak 200 ton\/g\u00fcn kapasiteli bir entegre tesis haline gelmi\u015ftir.<\/div>\n\t\t\t\t\t\t<a class=\"service-more\" href=\"https:\/\/www.caycilar.com.tr\/index.php\/hakkimizda\/\">\u00c7ayc\u0131lar G\u0131da<\/a>\n\t\t\t<\/div>\n<\/div>\n<\/div><\/div><div id=\"pgc-642-1-2\"  class=\"panel-grid-cell\" ><div id=\"panel-642-1-2-0\" class=\"so-panel widget widget_themegrill_flash_service tg-widget tg-single-service panel-first-child panel-last-child\" data-index=\"3\" >\n<div class=\"tg-service-widget tg-service-layout-1\">\n\t<div class=\"service-wrapper\">\n\t\t<div class=\"service-icon-title-wrapper clearfix\">\n\t\t\t\t\t\t<div class=\"service-icon-wrap\"><i class=\"fa fa-font-awesome\"><\/i><\/div>\n\t\t\t\t\t\t\t\t\t\t\t\t<h3 class=\"service-title-wrap\">\n\t\t\t\t\t\t\t\t<a href=\"https:\/\/www.caycilar.com.tr\/index.php\/blog\/cay-cesitleri\/\">\n\t\t\t\t\u00c7AY \u00c7E\u015e\u0130TLER\u0130\t\t\t\t\t\t\t\t<\/a>\n\t\t\t\t\t\t\t<\/h3>\n\t\t\t\t\t<\/div>\n\t\t\t\t<div class=\"service-content-wrap\">Siyah \u00e7ay, taze ve k\u00f6rpe \u00e7ay yapraklar\u0131n\u0131n soldurma, k\u0131v\u0131rma, fermantasyon, kurutma, tasnif ve ambalajlama i\u015flemleri sonucunda elde edilir. Siyah \u00e7ay \u00fcretiminin zorunlu ilk i\u015flemi soldurmad\u0131r. Soldurman\u0131n amac\u0131 k\u0131smi kurutma ile suyu buharla\u015ft\u0131r\u0131larak azalt\u0131lan \u00e7ay yapra\u011f\u0131n\u0131 fiziksel olarak k\u0131v\u0131rma i\u015flemi i\u00e7in uygun \u015fekle d\u00f6n\u00fc\u015ft\u00fcrmektir.<\/div>\n\t\t\t\t\t\t<a class=\"service-more\" href=\"https:\/\/www.caycilar.com.tr\/index.php\/blog\/cay-cesitleri\/\">\u00c7ay \u00c7e\u015fitleri<\/a>\n\t\t\t<\/div>\n<\/div>\n<\/div><\/div><\/div><\/div><div id=\"pg-642-2\"  class=\"panel-grid panel-has-style\" ><div class=\"siteorigin-panels-stretch panel-row-style panel-row-style-for-642-2\" data-siteorigin-parallax=\"{&quot;backgroundUrl&quot;:&quot;https:\\\/\\\/www.caycilar.com.tr\\\/wp-content\\\/uploads\\\/2020\\\/08\\\/slider-6-3.jpg&quot;,&quot;backgroundSize&quot;:[1921,700],&quot;backgroundSizing&quot;:&quot;scaled&quot;,&quot;limitMotion&quot;:&quot;auto&quot;}\" data-stretch-type=\"full-stretched\" ><div id=\"pgc-642-2-0\"  class=\"panel-grid-cell\" ><div id=\"panel-642-2-0-0\" class=\"so-panel widget widget_themegrill_flash_cta tg-widget call-to-action-section panel-first-child panel-last-child\" data-index=\"4\" ><div class=\"panel-widget-style panel-widget-style-for-642-2-0-0\" ><div class=\"cta-wrapper call-to-action-section-layout-1\">\n\t<div class=\"section-title-wrapper\">\n\t\t\t\t<h3 class=\"section-title\">TOPLU S\u0130PAR\u0130\u015e \u0130\u00c7\u0130N B\u0130ZE ULA\u015eIN<\/h3>\n\t\t\t<\/div>\n\t\t<div class=\"btn-wrapper\">\n\t\t\t\t<a class=\"btn\" href=\"#\">\u00dcr\u00fcnleri \u0130ncele<\/a>\n\t\t\t\t\t\t<a class=\"btn\" href=\"#\">\u0130leti\u015fim<\/a>\n\t\t\t<\/div>\n\t<\/div>\n<\/div><\/div><\/div><\/div><\/div><div id=\"pg-642-3\"  class=\"panel-grid panel-has-style\" ><div class=\"panel-row-style panel-row-style-for-642-3\" ><div id=\"pgc-642-3-0\"  class=\"panel-grid-cell\" ><div id=\"panel-642-3-0-0\" class=\"so-panel widget widget_themegrill_flash_heading tg-widget section-title-wrapper panel-first-child\" data-index=\"5\" >\t<h3 class=\"section-title\">\u00c7ay Blog<\/h3>\n<\/div><div id=\"panel-642-3-0-1\" class=\"so-panel widget widget_themegrill_flash_blog tg-widget blog-section panel-last-child\" data-index=\"6\" >\n<div class=\"blog-wrapper tg-column-wrapper tg-blog-widget-layout-1\">\n\t\t\t<div class=\"row\">\n\t\t<div class=\"tg-blog-widget tg-column-2\">\n\t\t\t\t<div class=\"post-image \">\n\t\t\t<figure><a href=\"https:\/\/www.caycilar.com.tr\/index.php\/2017\/01\/02\/cay-ve-saglik\/\" title=\"\u00c7ay ve G\u00fczellik\"><img width=\"300\" height=\"300\" src=\"https:\/\/www.caycilar.com.tr\/wp-content\/uploads\/2017\/01\/cayveguzellik-300x300.jpg\" class=\"attachment-flash-square size-flash-square wp-post-image\" alt=\"\" loading=\"lazy\" srcset=\"https:\/\/www.caycilar.com.tr\/wp-content\/uploads\/2017\/01\/cayveguzellik-300x300.jpg 300w, https:\/\/www.caycilar.com.tr\/wp-content\/uploads\/2017\/01\/cayveguzellik-150x150.jpg 150w\" sizes=\"(max-width: 300px) 100vw, 300px\" \/><\/a><\/figure>\t\t<\/div>\n\t\t<div class=\"blog-content\">\n\t\t\t<h3 class=\"entry-title\"><a href=\"https:\/\/www.caycilar.com.tr\/index.php\/2017\/01\/02\/cay-ve-saglik\/\">\u00c7ay ve G\u00fczellik<\/a><\/h3>\n\t\t\t\t\t\t<div class=\"entry-meta\">\n\t\t\t\t<span class=\"entry-date\">\n\t\t\t\t\t<i class=\"fa fa-clock-o\"><\/i><a href=\"https:\/\/www.caycilar.com.tr\/index.php\/2017\/01\/02\/cay-ve-saglik\/\" rel=\"bookmark\">2 Ocak 2017<\/a>\n\t\t\t\t<\/span>\n\t\t\t\t<span class=\"entry-author\">\n\t\t\t\t\t<i class=\"fa fa-user\"><\/i><a class=\"url fn n\" href=\"https:\/\/www.caycilar.com.tr\/index.php\/author\/infocaycilar-com-tr\/\">info@caycilar.com.tr<\/a>\n\t\t\t\t<\/span>\n\t\t\t<\/div>\n\t\t\t\t\t\t<div class=\"entry-summary\">\n\t\t\t\t<p>Ye\u015fil \u00e7ay mucizesini teninize tan\u0131\u015ft\u0131rmak i\u00e7in kendi yapt\u0131\u011f\u0131n\u0131z bu pratik maskelerden de yararlanabilirsiniz .ye\u015fil \u00e7ay kullanarak y\u00fcz\u00fcn\u00fcz ve v\u00fccudunuz i\u00e7in \u00f6zel maskeler haz\u0131rlayabilirsiniz .zaten pek \u00e7ok kozmetik firmas\u0131 da \u00fcr\u00fcnlerinde ye\u015fil \u00e7ay \u00f6z\u00fc kullan\u0131yor ve onun s\u0131k\u0131la\u015ft\u0131r\u0131c\u0131 etkisinden yararlan\u0131yor<\/p>\n\t\t\t<\/div>\n\t\t\t\t\t<\/div>\n\t<\/div>\n\t\t<div class=\"tg-blog-widget tg-column-2\">\n\t\t\t\t<div class=\"post-image \">\n\t\t\t<figure><a href=\"https:\/\/www.caycilar.com.tr\/index.php\/2017\/01\/02\/iyi-cay-nasil-demlenir\/\" title=\"\u0130yi \u00c7ay Nas\u0131l Demlenir?\"><img width=\"300\" height=\"300\" src=\"https:\/\/www.caycilar.com.tr\/wp-content\/uploads\/2017\/01\/iyi-cay-nasil-demlenir-300x300.jpg\" class=\"attachment-flash-square size-flash-square wp-post-image\" alt=\"\" loading=\"lazy\" srcset=\"https:\/\/www.caycilar.com.tr\/wp-content\/uploads\/2017\/01\/iyi-cay-nasil-demlenir-300x300.jpg 300w, https:\/\/www.caycilar.com.tr\/wp-content\/uploads\/2017\/01\/iyi-cay-nasil-demlenir-150x150.jpg 150w\" sizes=\"(max-width: 300px) 100vw, 300px\" \/><\/a><\/figure>\t\t<\/div>\n\t\t<div class=\"blog-content\">\n\t\t\t<h3 class=\"entry-title\"><a href=\"https:\/\/www.caycilar.com.tr\/index.php\/2017\/01\/02\/iyi-cay-nasil-demlenir\/\">\u0130yi \u00c7ay Nas\u0131l Demlenir?<\/a><\/h3>\n\t\t\t\t\t\t<div class=\"entry-meta\">\n\t\t\t\t<span class=\"entry-date\">\n\t\t\t\t\t<i class=\"fa fa-clock-o\"><\/i><a href=\"https:\/\/www.caycilar.com.tr\/index.php\/2017\/01\/02\/iyi-cay-nasil-demlenir\/\" rel=\"bookmark\">2 Ocak 2017<\/a>\n\t\t\t\t<\/span>\n\t\t\t\t<span class=\"entry-author\">\n\t\t\t\t\t<i class=\"fa fa-user\"><\/i><a class=\"url fn n\" href=\"https:\/\/www.caycilar.com.tr\/index.php\/author\/infocaycilar-com-tr\/\">info@caycilar.com.tr<\/a>\n\t\t\t\t<\/span>\n\t\t\t<\/div>\n\t\t\t\t\t\t<div class=\"entry-summary\">\n\t\t\t\t<p>\u0130yi bir \u00e7ay demlemek i\u00e7in \u00f6ncelikle; kullanaca\u011f\u0131n\u0131z \u00e7ay\u0131n nem ve harici kokulardan etkilenmemi\u015f olmas\u0131 gerekir. Ayr\u0131ca \u00e7ay\u0131n lezzeti i\u00e7in demlik se\u00e7imi de son derece \u00f6nemlidir. \u0130yi bir \u00e7ay i\u00e7in porselen demlik se\u00e7ilmelidir. Metal \u00e7aydanl\u0131kta yap\u0131lan \u00e7ayda metal tad\u0131 olur.\n\nDemlik \u00f6nceden \u0131s\u0131t\u0131lmal\u0131d\u0131r.Her bardak i\u00e7in demli\u011fe bir \u00e7ay ka\u015f\u0131\u011f\u0131 konulmal\u0131d\u0131r. Su tam kaynama noktas\u0131nda iken hemen al\u0131n\u0131p demli\u011fe aktar\u0131lmamal\u0131d\u0131r. Demli\u011fe aktar\u0131l\u0131rken, kaynaman\u0131n durmas\u0131, 100 C\u2019den birka\u00e7 derece a\u015fa\u011f\u0131 s\u0131cakl\u0131kta olmas\u0131na dikkat edilmelidir. \u00c7aydanl\u0131kta kaynar suyun ate\u015fi k\u0131s\u0131larak demlik \u00e7aydanl\u0131\u011f\u0131n \u00fczerine oturtulmal\u0131 ve dem kaynat\u0131lmamal\u0131d\u0131r.\n\nDemleme s\u00fcresi \u00e7ay\u0131n cinsine ve t\u00fcketicinin zevkine g\u00f6re de\u011fi\u015febilir. Ama \u00c7ay\u0131n demleme s\u00fcresi 15 dakika olmal\u0131 ve demlemeden sonra \u00e7ay yar\u0131m saat i\u00e7inde i\u00e7ilmelidir.\n<\/p>\n\t\t\t<\/div>\n\t\t\t\t\t<\/div>\n\t<\/div>\n\t\t<\/div>\n\t\t\t<div class=\"row\">\n\t\t<div class=\"tg-blog-widget tg-column-2\">\n\t\t\t\t<div class=\"post-image \">\n\t\t\t<figure><a href=\"https:\/\/www.caycilar.com.tr\/index.php\/2017\/01\/02\/cay-ve-saglik-2\/\" title=\"\u00c7ay ve Sa\u011fl\u0131k\"><img width=\"300\" height=\"300\" src=\"https:\/\/www.caycilar.com.tr\/wp-content\/uploads\/2017\/01\/cay-ve-saglik-300x300.jpg\" class=\"attachment-flash-square size-flash-square wp-post-image\" alt=\"\" loading=\"lazy\" srcset=\"https:\/\/www.caycilar.com.tr\/wp-content\/uploads\/2017\/01\/cay-ve-saglik-300x300.jpg 300w, https:\/\/www.caycilar.com.tr\/wp-content\/uploads\/2017\/01\/cay-ve-saglik-150x150.jpg 150w\" sizes=\"(max-width: 300px) 100vw, 300px\" \/><\/a><\/figure>\t\t<\/div>\n\t\t<div class=\"blog-content\">\n\t\t\t<h3 class=\"entry-title\"><a href=\"https:\/\/www.caycilar.com.tr\/index.php\/2017\/01\/02\/cay-ve-saglik-2\/\">\u00c7ay ve Sa\u011fl\u0131k<\/a><\/h3>\n\t\t\t\t\t\t<div class=\"entry-meta\">\n\t\t\t\t<span class=\"entry-date\">\n\t\t\t\t\t<i class=\"fa fa-clock-o\"><\/i><a href=\"https:\/\/www.caycilar.com.tr\/index.php\/2017\/01\/02\/cay-ve-saglik-2\/\" rel=\"bookmark\">2 Ocak 2017<\/a>\n\t\t\t\t<\/span>\n\t\t\t\t<span class=\"entry-author\">\n\t\t\t\t\t<i class=\"fa fa-user\"><\/i><a class=\"url fn n\" href=\"https:\/\/www.caycilar.com.tr\/index.php\/author\/infocaycilar-com-tr\/\">info@caycilar.com.tr<\/a>\n\t\t\t\t<\/span>\n\t\t\t<\/div>\n\t\t\t\t\t\t<div class=\"entry-summary\">\n\t\t\t\t<p>\u00c7ay\u0131n insan sa\u011fl\u0131\u011f\u0131 a\u00e7\u0131s\u0131ndan \u00f6nemi i\u00e7erdi\u011fi kafein nedeni ile yorgunluk giderici ve canl\u0131l\u0131k\nVerici etkisinden kaynaklanmaktad\u0131r. Kafein, \u00e7ay\u0131n demlenmesi s\u0131ras\u0131nda, b\u00fcy\u00fck oranda deme ge\u00e7mektedir. Kafein ve kafeinden olu\u015fan metabolik maddeler v\u00fccutta birikmeyip metil \u00fcrik asit \u015feklinde d\u0131\u015far\u0131 at\u0131ld\u0131\u011f\u0131 i\u00e7in insan sa\u011fl\u0131\u011f\u0131na zararl\u0131 olmamaktad\u0131r. \u00c7aydaki kafeinin kalp ve dola\u015f\u0131m sistemi i\u00e7in hafif bir uyar\u0131c\u0131 olabilece\u011fi ve b\u00f6ylece arteoskleroz (damar sertli\u011fi) olas\u0131l\u0131\u011f\u0131n\u0131 azaltabilece\u011fi d\u00fc\u015f\u00fcn\u00fclmektedir. \u00c7aydaki kafein, konsantrasyonu art\u0131rabilir, tat ve koku alma duyular\u0131n\u0131 g\u00fc\u00e7lendirebilir. \u00c7ay\u0131n haz\u0131m sa\u011flayan s\u0131v\u0131lar\u0131, b\u00f6brekler ve karaci\u011fer de dahil olmak \u00fczere metabolizmay\u0131 uyar\u0131r. B\u00f6ylece toksinlerin ve di\u011fer istenmeyen maddelerin v\u00fccuttan at\u0131lmas\u0131na yard\u0131mc\u0131 olur.\n<\/p>\n\t\t\t<\/div>\n\t\t\t\t\t<\/div>\n\t<\/div>\n\t<\/div><!-- .blog-wrapper -->\n<\/div><\/div><\/div><\/div><div id=\"pg-642-4\"  class=\"panel-grid panel-has-style\" ><div class=\"siteorigin-panels-stretch panel-row-style panel-row-style-for-642-4\" data-stretch-type=\"full\" ><div id=\"pgc-642-4-0\"  class=\"panel-grid-cell\" ><div id=\"panel-642-4-0-0\" class=\"so-panel widget widget_themegrill_flash_cta tg-widget call-to-action-section panel-first-child panel-last-child\" data-index=\"7\" ><div class=\"panel-widget-style panel-widget-style-for-642-4-0-0\" ><div class=\"cta-wrapper call-to-action-section-layout-1\">\n\t<div class=\"section-title-wrapper\">\n\t\t\t\t<h3 class=\"section-title\">ONL\u0130NE ALI\u015eVER\u0130\u015e \u0130\u00c7\u0130N TIKLAYIN.<\/h3>\n\t\t\t<\/div>\n\t\t<div class=\"btn-wrapper\">\n\t\t\t\t<a class=\"btn\" href=\"#\">Sipari\u015f Verin<\/a>\n\t\t\t\t\t<\/div>\n\t<\/div>\n<\/div><\/div><\/div><\/div><\/div><\/div>","protected":false},"excerpt":{"rendered":"","protected":false},"author":1,"featured_media":0,"parent":0,"menu_order":0,"comment_status":"closed","ping_status":"closed","template":"page-templates\/pagebuilder.php","meta":[],"_links":{"self":[{"href":"https:\/\/www.caycilar.com.tr\/index.php\/wp-json\/wp\/v2\/pages\/642"}],"collection":[{"href":"https:\/\/www.caycilar.com.tr\/index.php\/wp-json\/wp\/v2\/pages"}],"about":[{"href":"https:\/\/www.caycilar.com.tr\/index.php\/wp-json\/wp\/v2\/types\/page"}],"author":[{"embeddable":true,"href":"https:\/\/www.caycilar.com.tr\/index.php\/wp-json\/wp\/v2\/users\/1"}],"replies":[{"embeddable":true,"href":"https:\/\/www.caycilar.com.tr\/index.php\/wp-json\/wp\/v2\/comments?post=642"}],"version-history":[{"count":146,"href":"https:\/\/www.caycilar.com.tr\/index.php\/wp-json\/wp\/v2\/pages\/642\/revisions"}],"predecessor-version":[{"id":996,"href":"https:\/\/www.caycilar.com.tr\/index.php\/wp-json\/wp\/v2\/pages\/642\/revisions\/996"}],"wp:attachment":[{"href":"https:\/\/www.caycilar.com.tr\/index.php\/wp-json\/wp\/v2\/media?parent=642"}],"curies":[{"name":"wp","href":"https:\/\/api.w.org\/{rel}","templated":true}]}}