{"id":39,"date":"2017-01-02T09:40:51","date_gmt":"2017-01-02T06:40:51","guid":{"rendered":"https:\/\/demo.themegrill.com\/flash-default-2\/?page_id=39"},"modified":"2020-08-25T16:30:58","modified_gmt":"2020-08-25T13:30:58","slug":"bayi-olmak-istiyorum","status":"publish","type":"page","link":"https:\/\/www.caycilar.com.tr\/index.php\/bayi-olmak-istiyorum\/","title":{"rendered":"Bayi Olmak \u0130stiyorum"},"content":{"rendered":"<h4>\u00c7ayc\u0131lar G\u0131da ve \u00c7ay Sanayi A.\u015e Bayi olabilmek i\u00e7in aranan \u015fartlar<\/h4>\n<p>B\u00f6lge potansiyeli ve fizibilite uygunlu\u011fu Marka kurumsal kimli\u011fini b\u00f6lgesinde en iyi \u015fekilde temsil etme potansiyeli<\/p>\n<p>Yeterli i\u015fletme ve perakende tecr\u00fcbesi<\/p>\n<p>Bayi ba\u015fvurular\u0131n\u0131z\u0131 info@caycilar.com.tr e-posta adresimiz \u00fczerinden yapabilirsiniz.<\/p>\n","protected":false},"excerpt":{"rendered":"<p>\u00c7ayc\u0131lar G\u0131da ve \u00c7ay Sanayi A.\u015e Bayi olabilmek i\u00e7in aranan \u015fartlar B\u00f6lge potansiyeli ve fizibilite uygunlu\u011fu Marka kurumsal kimli\u011fini b\u00f6lgesinde [&hellip;]<\/p>\n","protected":false},"author":1,"featured_media":0,"parent":0,"menu_order":0,"comment_status":"closed","ping_status":"closed","template":"","meta":[],"_links":{"self":[{"href":"https:\/\/www.caycilar.com.tr\/index.php\/wp-json\/wp\/v2\/pages\/39"}],"collection":[{"href":"https:\/\/www.caycilar.com.tr\/index.php\/wp-json\/wp\/v2\/pages"}],"about":[{"href":"https:\/\/www.caycilar.com.tr\/index.php\/wp-json\/wp\/v2\/types\/page"}],"author":[{"embeddable":true,"href":"https:\/\/www.caycilar.com.tr\/index.php\/wp-json\/wp\/v2\/users\/1"}],"replies":[{"embeddable":true,"href":"https:\/\/www.caycilar.com.tr\/index.php\/wp-json\/wp\/v2\/comments?post=39"}],"version-history":[{"count":5,"href":"https:\/\/www.caycilar.com.tr\/index.php\/wp-json\/wp\/v2\/pages\/39\/revisions"}],"predecessor-version":[{"id":959,"href":"https:\/\/www.caycilar.com.tr\/index.php\/wp-json\/wp\/v2\/pages\/39\/revisions\/959"}],"wp:attachment":[{"href":"https:\/\/www.caycilar.com.tr\/index.php\/wp-json\/wp\/v2\/media?parent=39"}],"curies":[{"name":"wp","href":"https:\/\/api.w.org\/{rel}","templated":true}]}}