{"id":12,"date":"2017-01-02T08:30:09","date_gmt":"2017-01-02T08:30:09","guid":{"rendered":"https:\/\/demo.themegrill.com\/flash-default-2\/?page_id=12"},"modified":"2020-08-25T18:23:09","modified_gmt":"2020-08-25T15:23:09","slug":"contact","status":"publish","type":"page","link":"https:\/\/www.caycilar.com.tr\/index.php\/contact\/","title":{"rendered":"\u0130leti\u015fim"},"content":{"rendered":"<p>Bize Ula\u015f\u0131n. L\u00fctfen a\u015fa\u011f\u0131daki formu eksiksiz doldurun.<\/p>\n<div class=\"everest-forms\"><div class=\"evf-container default\" id=\"evf-4\"><form id=\"evf-form-4\" class=\"everest-form\" data-formid=\"4\" data-ajax_submission=\"0\" method=\"post\" enctype=\"multipart\/form-data\" action=\"\/index.php\/wp-json\/wp\/v2\/pages\/12\"><div class=\"evf-field-container\"><input type=\"hidden\" id=\"_wpnonce\" name=\"_wpnonce\" value=\"a7fe11ce74\" \/><input type=\"hidden\" name=\"_wp_http_referer\" value=\"\/index.php\/wp-json\/wp\/v2\/pages\/12\" \/><div class=\"evf-frontend-row\" data-row=\"row_1\"><div class=\"evf-frontend-grid evf-grid-1\" data-grid=\"grid_1\"><div id=\"evf-4-field_fullname-container\" class=\"evf-field evf-field-text form-row validate-required\" data-required-field-message=\"Mesaj\u0131n\u0131z G\u00f6nderilmi\u015ftir.\" data-field-id=\"fullname\"><label class=\"evf-field-label\" for=\"evf-4-field_fullname\"><span class=\"evf-label\">Ad\u0131-Soyad\u0131<\/span> <abbr class=\"required\" title=\"Required\">*<\/abbr><\/label><input type=\"text\" id=\"evf-4-field_fullname\" class=\"input-text\" name=\"everest_forms[form_fields][fullname]\" required><\/div><div id=\"evf-4-field_5TKj6l3X8s-1-container\" class=\"evf-field evf-field-number form-row validate-required\" data-required-field-message=\"L\u00fctfen numaran\u0131z\u0131 giriniz.\" data-field-id=\"5TKj6l3X8s-1\"><label class=\"evf-field-label\" for=\"evf-4-field_5TKj6l3X8s-1\"><span class=\"evf-label\">Telefon<\/span> <abbr class=\"required\" title=\"Required\">*<\/abbr><\/label><input type=\"number\" id=\"evf-4-field_5TKj6l3X8s-1\" class=\"input-text\" name=\"everest_forms[form_fields][5TKj6l3X8s-1]\" step=\"1\" required \/><\/div><div id=\"evf-4-field_email-container\" class=\"evf-field evf-field-email form-row validate-required validate-email\" data-required-field-message=\"Please enter a valid email address.\" data-field-id=\"email\"><label class=\"evf-field-label\" for=\"evf-4-field_email\"><span class=\"evf-label\">Email<\/span> <abbr class=\"required\" title=\"Required\">*<\/abbr><\/label><input type=\"email\" id=\"evf-4-field_email\" class=\"input-text\" name=\"everest_forms[form_fields][email]\" required><\/div><div id=\"evf-4-field_subject-container\" class=\"evf-field evf-field-text form-row validate-required\" data-required-field-message=\"This field is required.\" data-field-id=\"subject\"><label class=\"evf-field-label\" for=\"evf-4-field_subject\"><span class=\"evf-label\">Konu<\/span> <abbr class=\"required\" title=\"Required\">*<\/abbr><\/label><input type=\"text\" id=\"evf-4-field_subject\" class=\"input-text\" name=\"everest_forms[form_fields][subject]\" required><\/div><div id=\"evf-4-field_message-container\" class=\"evf-field evf-field-textarea form-row validate-required\" data-required-field-message=\"This field is required.\" data-field-id=\"message\"><label class=\"evf-field-label\" for=\"evf-4-field_message\"><span class=\"evf-label\">Mesaj\u0131n\u0131z<\/span> <abbr class=\"required\" title=\"Required\">*<\/abbr><\/label><textarea id=\"evf-4-field_message\" class=\"input-text\" name=\"everest_forms[form_fields][message]\" required><\/textarea><\/div><div id=\"evf-4-field_4rqLwykJeB-2-container\" class=\"evf-field evf-field-checkbox form-row validate-required\" data-required-field-message=\"L\u00fctfen eksik bilgileri doldurun.\" data-field-id=\"4rqLwykJeB-2\"><ul id=\"evf-4-field_4rqLwykJeB-2\" class=\" evf-field-required\"><li class=\"choice-1 depth-1\"><input type=\"checkbox\" id=\"evf-4-field_4rqLwykJeB-2_1\" class=\"input-text\" name=\"everest_forms[form_fields][4rqLwykJeB-2][]\" value=\"Bilgilerin do\u011frulu\u011funu kabul ediyorum.\" required ><label class=\"everest-forms-field-label-inline\" for=\"evf-4-field_4rqLwykJeB-2_1\">Bilgilerin do\u011frulu\u011funu kabul ediyorum.<\/label><\/li><\/ul><\/div><\/div><\/div><\/div><div class=\"evf-honeypot-container evf-field-hp\"><label for=\"evf-4-field-hp\" class=\"evf-field-label\">Phone<\/label><input type=\"text\" name=\"everest_forms[hp]\" id=\"evf-4-field-hp\" class=\"input-text\"><\/div><div class=\"evf-submit-container \" ><input type=\"hidden\" name=\"everest_forms[id]\" value=\"4\"><input type=\"hidden\" name=\"everest_forms[author]\" value=\"1\"><button type='submit' name='everest_forms[submit]' class='everest-forms-submit-button button evf-submit ' id='evf-submit-4' value='evf-submit' data-process-text=\"Processing\u2026\" conditional_rules='\"\"' conditional_id='evf-submit-4' >G\u00f6nder<\/button><\/div><\/form><\/div><!-- .evf-container --><\/div>\n","protected":false},"excerpt":{"rendered":"<p>Bize Ula\u015f\u0131n. L\u00fctfen a\u015fa\u011f\u0131daki formu eksiksiz doldurun.<\/p>\n","protected":false},"author":1,"featured_media":0,"parent":0,"menu_order":0,"comment_status":"closed","ping_status":"closed","template":"","meta":[],"_links":{"self":[{"href":"https:\/\/www.caycilar.com.tr\/index.php\/wp-json\/wp\/v2\/pages\/12"}],"collection":[{"href":"https:\/\/www.caycilar.com.tr\/index.php\/wp-json\/wp\/v2\/pages"}],"about":[{"href":"https:\/\/www.caycilar.com.tr\/index.php\/wp-json\/wp\/v2\/types\/page"}],"author":[{"embeddable":true,"href":"https:\/\/www.caycilar.com.tr\/index.php\/wp-json\/wp\/v2\/users\/1"}],"replies":[{"embeddable":true,"href":"https:\/\/www.caycilar.com.tr\/index.php\/wp-json\/wp\/v2\/comments?post=12"}],"version-history":[{"count":3,"href":"https:\/\/www.caycilar.com.tr\/index.php\/wp-json\/wp\/v2\/pages\/12\/revisions"}],"predecessor-version":[{"id":1026,"href":"https:\/\/www.caycilar.com.tr\/index.php\/wp-json\/wp\/v2\/pages\/12\/revisions\/1026"}],"wp:attachment":[{"href":"https:\/\/www.caycilar.com.tr\/index.php\/wp-json\/wp\/v2\/media?parent=12"}],"curies":[{"name":"wp","href":"https:\/\/api.w.org\/{rel}","templated":true}]}}